{"id":54949,"date":"2021-11-29T11:03:17","date_gmt":"2021-11-29T11:03:17","guid":{"rendered":"https:\/\/colinadental.net\/team-grid\/"},"modified":"2024-06-26T23:24:31","modified_gmt":"2024-06-26T23:24:31","slug":"team-grid","status":"publish","type":"page","link":"https:\/\/colinadental.net\/es\/team-grid\/","title":{"rendered":"El Equipo"},"content":{"rendered":"\t\t<div data-elementor-type=\"wp-page\" data-elementor-id=\"54949\" class=\"elementor elementor-54949 elementor-34197\" data-elementor-post-type=\"page\">\n\t\t\t\t\t\t<section class=\"elementor-section elementor-top-section elementor-element elementor-element-4152813 elementor-section-stretched elementor-section-boxed elementor-section-height-default elementor-section-height-default tm-col-stretched-none tm-bg-color-over-image\" data-id=\"4152813\" data-element_type=\"section\" data-settings=\"{&quot;background_background&quot;:&quot;classic&quot;,&quot;stretch_section&quot;:&quot;section-stretched&quot;}\">\n\t\t\t\t\t\t\t<div class=\"elementor-background-overlay\"><\/div>\n\t\t\t\t\t\t\t<div class=\"elementor-container elementor-column-gap-extended\">\n\t\t\t\t\t<div class=\"elementor-column elementor-col-100 elementor-top-column elementor-element elementor-element-5cdce79 tm-bg-color-over-image\" data-id=\"5cdce79\" data-element_type=\"column\">\n\t\t\t<div class=\"elementor-widget-wrap elementor-element-populated\">\n\t\t\t\t\t\t<div class=\"elementor-element elementor-element-8032353 elementor-widget elementor-widget-heading\" data-id=\"8032353\" data-element_type=\"widget\" data-widget_type=\"heading.default\">\n\t\t\t\t<div class=\"elementor-widget-container\">\n\t\t\t<style>\/*! elementor - v3.22.0 - 24-06-2024 *\/\n.elementor-heading-title{padding:0;margin:0;line-height:1}.elementor-widget-heading .elementor-heading-title[class*=elementor-size-]>a{color:inherit;font-size:inherit;line-height:inherit}.elementor-widget-heading .elementor-heading-title.elementor-size-small{font-size:15px}.elementor-widget-heading .elementor-heading-title.elementor-size-medium{font-size:19px}.elementor-widget-heading .elementor-heading-title.elementor-size-large{font-size:29px}.elementor-widget-heading .elementor-heading-title.elementor-size-xl{font-size:39px}.elementor-widget-heading .elementor-heading-title.elementor-size-xxl{font-size:59px}<\/style><h4 class=\"elementor-heading-title elementor-size-default\">Los Profesionales de Colina Dental<\/h4>\t\t<\/div>\n\t\t\t\t<\/div>\n\t\t\t\t<div class=\"elementor-element elementor-element-6c344cd elementor-widget elementor-widget-text-editor\" data-id=\"6c344cd\" data-element_type=\"widget\" data-widget_type=\"text-editor.default\">\n\t\t\t\t<div class=\"elementor-widget-container\">\n\t\t\t<style>\/*! elementor - v3.22.0 - 24-06-2024 *\/\n.elementor-widget-text-editor.elementor-drop-cap-view-stacked .elementor-drop-cap{background-color:#69727d;color:#fff}.elementor-widget-text-editor.elementor-drop-cap-view-framed .elementor-drop-cap{color:#69727d;border:3px solid;background-color:transparent}.elementor-widget-text-editor:not(.elementor-drop-cap-view-default) .elementor-drop-cap{margin-top:8px}.elementor-widget-text-editor:not(.elementor-drop-cap-view-default) .elementor-drop-cap-letter{width:1em;height:1em}.elementor-widget-text-editor .elementor-drop-cap{float:left;text-align:center;line-height:1;font-size:50px}.elementor-widget-text-editor .elementor-drop-cap-letter{display:inline-block}<\/style>\t\t\t\t<p>Cuando elige Colina Dental, recibir\u00e1 m\u00e1s que una atenci\u00f3n dental excepcional a precios realmente asequibles. Recibir\u00e1 nuestro servicio Colina Concierge y nuestra garant\u00eda de atenci\u00f3n personalizada y atenta durante su visita a nuestras oficinas de Costa Rica.<\/p><p>Una empresa se define por la calidad de su gente. En Colina Dental, estamos orgullosos de nuestro equipo diverso de profesionales dentales, dentistas y m\u00e9dicos experimentados que han hecho de Colina Dental un l\u00edder reconocido en la atenci\u00f3n dental de Costa Rica y el turismo dental global durante m\u00e1s de 40 a\u00f1os.<\/p>\t\t\t\t\t\t<\/div>\n\t\t\t\t<\/div>\n\t\t\t\t<div class=\"elementor-element elementor-element-0aaefba elementor-widget elementor-widget-tm-ele-cpt-staff\" data-id=\"0aaefba\" data-element_type=\"widget\" data-widget_type=\"tm-ele-cpt-staff.skin-style5\">\n\t\t\t\t<div class=\"elementor-widget-container\">\n\t\t\t\r\n\t<div class=\"tm-sc-staff tm-sc-staff-grid \">\r\n\t\t\r\n\t\r\n\t\t<!-- Isotope Gallery Grid -->\r\n\t\t<div id=\"staff-holder-477105\" class=\"isotope-layout grid-4 gutter-15 clearfix\">\r\n\t\t\t<div class=\"isotope-layout-inner\">\r\n\r\n        <!-- the loop -->\r\n                        <div class=\"isotope-item \">\r\n            <div class=\"team-item post-54927 staff-items type-staff-items status-publish has-post-thumbnail hentry\">\r\n\t<div class=\"team-item-skin-style5\">\r\n\t\t<div class=\"team-thumb\">\r\n\t\t\t\t\t\t\t\t\t\t\r\n\t\t<div class=\"thumb\">\r\n\t\t<img fetchpriority=\"high\" decoding=\"async\" width=\"700\" height=\"800\" src=\"https:\/\/colinadental.net\/wp-content\/uploads\/2021\/04\/10.jpg\" class=\"img-fullwidth wp-post-image\" alt=\"\" srcset=\"https:\/\/colinadental.net\/wp-content\/uploads\/2021\/04\/10.jpg 700w, https:\/\/colinadental.net\/wp-content\/uploads\/2021\/04\/10-263x300.jpg 263w, https:\/\/colinadental.net\/wp-content\/uploads\/2021\/04\/10-600x686.jpg 600w\" sizes=\"(max-width: 700px) 100vw, 700px\" \/>\t<\/div>\r\n\t\t\t\t<div class=\"team-social\">\r\n\t\t\t\t\t\t\t\t\t<ul class=\"styled-icons icon-team-list icon-white\">\r\n\t\t\t\t\t\t\r\n\t\t\t\t\t<\/ul>\r\n\t\t\t\t\t\t\t<\/div>\r\n\t\t<\/div>\r\n\t\t<div class=\"team-content\">\r\n\t\t\t<div class=\"team-information\">\r\n\t\t\t\t\t\t\t\t\t<div class=\"staff-content\">\r\n\t\t\t\t\t\t\r\n\t\t<p class=\"name\">\r\n\t\t\t\t<a href=\"https:\/\/colinadental.net\/es\/staff\/luisana\/\">Dr. Luisana Echandi<\/a>\r\n\t\t\t<\/p>\r\n\t\r\n\t\t<div class=\"speciality\">Prostodoncista<\/div>\r\n\t\t\t\t\t\t\t\t\r\n\t\t\t\t\t\t\t\r\n\t\t\t\t\t\t\t\t<div class=\"staff-btn\">\r\n\t\t\t<\/div>\r\n\t\t\t\t\t<\/div>\r\n\t\t\t\t\t\t\t<\/div>\r\n\t\t<\/div>\r\n\t<\/div>\r\n<\/div>        <\/div>\r\n                        <div class=\"isotope-item gdos-es\">\r\n            <div class=\"team-item post-54942 staff-items type-staff-items status-publish has-post-thumbnail hentry staff_category-gdos-es\">\r\n\t<div class=\"team-item-skin-style5\">\r\n\t\t<div class=\"team-thumb\">\r\n\t\t\t\t\t\t\t\t\t\t\r\n\t\t<div class=\"thumb\">\r\n\t\t<img decoding=\"async\" width=\"700\" height=\"800\" src=\"https:\/\/colinadental.net\/wp-content\/uploads\/2021\/04\/9.jpg\" class=\"img-fullwidth wp-post-image\" alt=\"\" srcset=\"https:\/\/colinadental.net\/wp-content\/uploads\/2021\/04\/9.jpg 700w, https:\/\/colinadental.net\/wp-content\/uploads\/2021\/04\/9-263x300.jpg 263w, https:\/\/colinadental.net\/wp-content\/uploads\/2021\/04\/9-600x686.jpg 600w\" sizes=\"(max-width: 700px) 100vw, 700px\" \/>\t<\/div>\r\n\t\t\t\t<div class=\"team-social\">\r\n\t\t\t\t\t\t\t\t\t<ul class=\"styled-icons icon-team-list icon-white\">\r\n\t\t\t\t\t\t\r\n\t\t\t\t\t<\/ul>\r\n\t\t\t\t\t\t\t<\/div>\r\n\t\t<\/div>\r\n\t\t<div class=\"team-content\">\r\n\t\t\t<div class=\"team-information\">\r\n\t\t\t\t\t\t\t\t\t<div class=\"staff-content\">\r\n\t\t\t\t\t\t\r\n\t\t<p class=\"name\">\r\n\t\t\t\t<a href=\"https:\/\/colinadental.net\/es\/staff\/belen_barrantes\/\">Dr. Bel\u00e9n Barrantes<\/a>\r\n\t\t\t<\/p>\r\n\t\r\n\t\t<div class=\"speciality\">Prostodoncista<\/div>\r\n\t\t\t\t\t\t\t\t\r\n\t\t\t\t\t\t\t\r\n\t\t\t\t\t\t\t\t<div class=\"staff-btn\">\r\n\t\t\t<\/div>\r\n\t\t\t\t\t<\/div>\r\n\t\t\t\t\t\t\t<\/div>\r\n\t\t<\/div>\r\n\t<\/div>\r\n<\/div>        <\/div>\r\n                        <div class=\"isotope-item \">\r\n            <div class=\"team-item post-55146 staff-items type-staff-items status-publish has-post-thumbnail hentry\">\r\n\t<div class=\"team-item-skin-style5\">\r\n\t\t<div class=\"team-thumb\">\r\n\t\t\t\t\t\t\t\t\t\t\r\n\t\t<div class=\"thumb\">\r\n\t\t<img decoding=\"async\" width=\"700\" height=\"800\" src=\"https:\/\/colinadental.net\/wp-content\/uploads\/2021\/04\/Diseno-sin-titulo-8.jpg\" class=\"img-fullwidth wp-post-image\" alt=\"\" srcset=\"https:\/\/colinadental.net\/wp-content\/uploads\/2021\/04\/Diseno-sin-titulo-8.jpg 700w, https:\/\/colinadental.net\/wp-content\/uploads\/2021\/04\/Diseno-sin-titulo-8-600x686.jpg 600w, https:\/\/colinadental.net\/wp-content\/uploads\/2021\/04\/Diseno-sin-titulo-8-263x300.jpg 263w\" sizes=\"(max-width: 700px) 100vw, 700px\" \/>\t<\/div>\r\n\t\t\t\t<div class=\"team-social\">\r\n\t\t\t\t\t\t\t\t\t<ul class=\"styled-icons icon-team-list icon-white\">\r\n\t\t\t\t\t\t\r\n\t\t\t\t\t<\/ul>\r\n\t\t\t\t\t\t\t<\/div>\r\n\t\t<\/div>\r\n\t\t<div class=\"team-content\">\r\n\t\t\t<div class=\"team-information\">\r\n\t\t\t\t\t\t\t\t\t<div class=\"staff-content\">\r\n\t\t\t\t\t\t\r\n\t\t<p class=\"name\">\r\n\t\t\t\t<a href=\"https:\/\/colinadental.net\/es\/staff\/dr-tatiana-madrigal\/\">Dr. Tatiana Madrigal<\/a>\r\n\t\t\t<\/p>\r\n\t\r\n\t\t<div class=\"speciality\">Periodoncista<\/div>\r\n\t\t\t\t\t\t\t\t\r\n\t\t\t\t\t\t\t\r\n\t\t\t\t\t\t\t\t<div class=\"staff-btn\">\r\n\t\t\t<\/div>\r\n\t\t\t\t\t<\/div>\r\n\t\t\t\t\t\t\t<\/div>\r\n\t\t<\/div>\r\n\t<\/div>\r\n<\/div>        <\/div>\r\n                        <div class=\"isotope-item \">\r\n            <div class=\"team-item post-55159 staff-items type-staff-items status-publish has-post-thumbnail hentry\">\r\n\t<div class=\"team-item-skin-style5\">\r\n\t\t<div class=\"team-thumb\">\r\n\t\t\t\t\t\t\t\t\t\t\r\n\t\t<div class=\"thumb\">\r\n\t\t<img loading=\"lazy\" decoding=\"async\" width=\"700\" height=\"800\" src=\"https:\/\/colinadental.net\/wp-content\/uploads\/2021\/04\/3-1.jpg\" class=\"img-fullwidth wp-post-image\" alt=\"\" srcset=\"https:\/\/colinadental.net\/wp-content\/uploads\/2021\/04\/3-1.jpg 700w, https:\/\/colinadental.net\/wp-content\/uploads\/2021\/04\/3-1-263x300.jpg 263w, https:\/\/colinadental.net\/wp-content\/uploads\/2021\/04\/3-1-600x686.jpg 600w\" sizes=\"(max-width: 700px) 100vw, 700px\" \/>\t<\/div>\r\n\t\t\t\t<div class=\"team-social\">\r\n\t\t\t\t\t\t\t\t\t<ul class=\"styled-icons icon-team-list icon-white\">\r\n\t\t\t\t\t\t\r\n\t\t\t\t\t<\/ul>\r\n\t\t\t\t\t\t\t<\/div>\r\n\t\t<\/div>\r\n\t\t<div class=\"team-content\">\r\n\t\t\t<div class=\"team-information\">\r\n\t\t\t\t\t\t\t\t\t<div class=\"staff-content\">\r\n\t\t\t\t\t\t\r\n\t\t<p class=\"name\">\r\n\t\t\t\t<a href=\"https:\/\/colinadental.net\/es\/staff\/dr-mauricio-fonseca\/\">Dr. Mauricio Fonseca<\/a>\r\n\t\t\t<\/p>\r\n\t\r\n\t\t<div class=\"speciality\">Cirujano Maxilofacial<\/div>\r\n\t\t\t\t\t\t\t\t\r\n\t\t\t\t\t\t\t\r\n\t\t\t\t\t\t\t\t<div class=\"staff-btn\">\r\n\t\t\t<\/div>\r\n\t\t\t\t\t<\/div>\r\n\t\t\t\t\t\t\t<\/div>\r\n\t\t<\/div>\r\n\t<\/div>\r\n<\/div>        <\/div>\r\n                        <div class=\"isotope-item \">\r\n            <div class=\"team-item post-55178 staff-items type-staff-items status-publish has-post-thumbnail hentry\">\r\n\t<div class=\"team-item-skin-style5\">\r\n\t\t<div class=\"team-thumb\">\r\n\t\t\t\t\t\t\t\t\t\t\r\n\t\t<div class=\"thumb\">\r\n\t\t<img loading=\"lazy\" decoding=\"async\" width=\"700\" height=\"800\" src=\"https:\/\/colinadental.net\/wp-content\/uploads\/2021\/04\/Staff-Colina-Dental.jpg\" class=\"img-fullwidth wp-post-image\" alt=\"\" srcset=\"https:\/\/colinadental.net\/wp-content\/uploads\/2021\/04\/Staff-Colina-Dental.jpg 700w, https:\/\/colinadental.net\/wp-content\/uploads\/2021\/04\/Staff-Colina-Dental-263x300.jpg 263w, https:\/\/colinadental.net\/wp-content\/uploads\/2021\/04\/Staff-Colina-Dental-600x686.jpg 600w\" sizes=\"(max-width: 700px) 100vw, 700px\" \/>\t<\/div>\r\n\t\t\t\t<div class=\"team-social\">\r\n\t\t\t\t\t\t\t\t\t<ul class=\"styled-icons icon-team-list icon-white\">\r\n\t\t\t\t\t\t\r\n\t\t\t\t\t<\/ul>\r\n\t\t\t\t\t\t\t<\/div>\r\n\t\t<\/div>\r\n\t\t<div class=\"team-content\">\r\n\t\t\t<div class=\"team-information\">\r\n\t\t\t\t\t\t\t\t\t<div class=\"staff-content\">\r\n\t\t\t\t\t\t\r\n\t\t<p class=\"name\">\r\n\t\t\t\t<a href=\"https:\/\/colinadental.net\/es\/staff\/dr-ana-graciela-varela\/\">Dr. Ana Graciela Varela<\/a>\r\n\t\t\t<\/p>\r\n\t\r\n\t\t<div class=\"speciality\">Ortodoncista<\/div>\r\n\t\t\t\t\t\t\t\t\r\n\t\t\t\t\t\t\t\r\n\t\t\t\t\t\t\t\t<div class=\"staff-btn\">\r\n\t\t\t<\/div>\r\n\t\t\t\t\t<\/div>\r\n\t\t\t\t\t\t\t<\/div>\r\n\t\t<\/div>\r\n\t<\/div>\r\n<\/div>        <\/div>\r\n                        <div class=\"isotope-item \">\r\n            <div class=\"team-item post-55193 staff-items type-staff-items status-publish has-post-thumbnail hentry\">\r\n\t<div class=\"team-item-skin-style5\">\r\n\t\t<div class=\"team-thumb\">\r\n\t\t\t\t\t\t\t\t\t\t\r\n\t\t<div class=\"thumb\">\r\n\t\t<img loading=\"lazy\" decoding=\"async\" width=\"700\" height=\"800\" src=\"https:\/\/colinadental.net\/wp-content\/uploads\/2024\/05\/Staff-Colina-Dental.jpg\" class=\"img-fullwidth wp-post-image\" alt=\"\" srcset=\"https:\/\/colinadental.net\/wp-content\/uploads\/2024\/05\/Staff-Colina-Dental.jpg 700w, https:\/\/colinadental.net\/wp-content\/uploads\/2024\/05\/Staff-Colina-Dental-263x300.jpg 263w, https:\/\/colinadental.net\/wp-content\/uploads\/2024\/05\/Staff-Colina-Dental-600x686.jpg 600w\" sizes=\"(max-width: 700px) 100vw, 700px\" \/>\t<\/div>\r\n\t\t\t\t<div class=\"team-social\">\r\n\t\t\t\t\t\t\t\t\t<ul class=\"styled-icons icon-team-list icon-white\">\r\n\t\t\t\t\t\t\r\n\t\t\t\t\t<\/ul>\r\n\t\t\t\t\t\t\t<\/div>\r\n\t\t<\/div>\r\n\t\t<div class=\"team-content\">\r\n\t\t\t<div class=\"team-information\">\r\n\t\t\t\t\t\t\t\t\t<div class=\"staff-content\">\r\n\t\t\t\t\t\t\r\n\t\t<p class=\"name\">\r\n\t\t\t\t<a href=\"https:\/\/colinadental.net\/es\/staff\/dr-tatiana-cardenas\/\">Dr. Tatiana C\u00e1rdenas<\/a>\r\n\t\t\t<\/p>\r\n\t\r\n\t\t<div class=\"speciality\">Endodoncista<\/div>\r\n\t\t\t\t\t\t\t\t\r\n\t\t\t\t\t\t\t\r\n\t\t\t\t\t\t\t\t<div class=\"staff-btn\">\r\n\t\t\t<\/div>\r\n\t\t\t\t\t<\/div>\r\n\t\t\t\t\t\t\t<\/div>\r\n\t\t<\/div>\r\n\t<\/div>\r\n<\/div>        <\/div>\r\n                        <div class=\"isotope-item gdos-es\">\r\n            <div class=\"team-item post-55205 staff-items type-staff-items status-publish has-post-thumbnail hentry staff_category-gdos-es\">\r\n\t<div class=\"team-item-skin-style5\">\r\n\t\t<div class=\"team-thumb\">\r\n\t\t\t\t\t\t\t\t\t\t\r\n\t\t<div class=\"thumb\">\r\n\t\t<img loading=\"lazy\" decoding=\"async\" width=\"700\" height=\"800\" src=\"https:\/\/colinadental.net\/wp-content\/uploads\/2021\/04\/Staff-Colina-Dental-1.jpg\" class=\"img-fullwidth wp-post-image\" alt=\"\" srcset=\"https:\/\/colinadental.net\/wp-content\/uploads\/2021\/04\/Staff-Colina-Dental-1.jpg 700w, https:\/\/colinadental.net\/wp-content\/uploads\/2021\/04\/Staff-Colina-Dental-1-263x300.jpg 263w, https:\/\/colinadental.net\/wp-content\/uploads\/2021\/04\/Staff-Colina-Dental-1-600x686.jpg 600w\" sizes=\"(max-width: 700px) 100vw, 700px\" \/>\t<\/div>\r\n\t\t\t\t<div class=\"team-social\">\r\n\t\t\t\t\t\t\t\t\t<ul class=\"styled-icons icon-team-list icon-white\">\r\n\t\t\t\t\t\t\r\n\t\t\t\t\t<\/ul>\r\n\t\t\t\t\t\t\t<\/div>\r\n\t\t<\/div>\r\n\t\t<div class=\"team-content\">\r\n\t\t\t<div class=\"team-information\">\r\n\t\t\t\t\t\t\t\t\t<div class=\"staff-content\">\r\n\t\t\t\t\t\t\r\n\t\t<p class=\"name\">\r\n\t\t\t\t<a href=\"https:\/\/colinadental.net\/es\/staff\/rebeca-phillips\/\">Dr. Rebeca Phillips<\/a>\r\n\t\t\t<\/p>\r\n\t\r\n\t\t<div class=\"speciality\">Odontolog\u00eda General y Cirug\u00eda Bucal<\/div>\r\n\t\t\t\t\t\t\t\t\r\n\t\t\t\t\t\t\t\r\n\t\t\t\t\t\t\t\t<div class=\"staff-btn\">\r\n\t\t\t<\/div>\r\n\t\t\t\t\t<\/div>\r\n\t\t\t\t\t\t\t<\/div>\r\n\t\t<\/div>\r\n\t<\/div>\r\n<\/div>        <\/div>\r\n                        <div class=\"isotope-item \">\r\n            <div class=\"team-item post-55202 staff-items type-staff-items status-publish has-post-thumbnail hentry\">\r\n\t<div class=\"team-item-skin-style5\">\r\n\t\t<div class=\"team-thumb\">\r\n\t\t\t\t\t\t\t\t\t\t\r\n\t\t<div class=\"thumb\">\r\n\t\t<img loading=\"lazy\" decoding=\"async\" width=\"700\" height=\"800\" src=\"https:\/\/colinadental.net\/wp-content\/uploads\/2021\/04\/6.jpg\" class=\"img-fullwidth wp-post-image\" alt=\"\" srcset=\"https:\/\/colinadental.net\/wp-content\/uploads\/2021\/04\/6.jpg 700w, https:\/\/colinadental.net\/wp-content\/uploads\/2021\/04\/6-600x686.jpg 600w, https:\/\/colinadental.net\/wp-content\/uploads\/2021\/04\/6-263x300.jpg 263w\" sizes=\"(max-width: 700px) 100vw, 700px\" \/>\t<\/div>\r\n\t\t\t\t<div class=\"team-social\">\r\n\t\t\t\t\t\t\t\t\t<ul class=\"styled-icons icon-team-list icon-white\">\r\n\t\t\t\t\t\t\r\n\t\t\t\t\t<\/ul>\r\n\t\t\t\t\t\t\t<\/div>\r\n\t\t<\/div>\r\n\t\t<div class=\"team-content\">\r\n\t\t\t<div class=\"team-information\">\r\n\t\t\t\t\t\t\t\t\t<div class=\"staff-content\">\r\n\t\t\t\t\t\t\r\n\t\t<p class=\"name\">\r\n\t\t\t\t<a href=\"https:\/\/colinadental.net\/es\/staff\/dr-gabriela-oviedo\/\">Dr. Gabriela Oviedo<\/a>\r\n\t\t\t<\/p>\r\n\t\r\n\t\t<div class=\"speciality\">Odontologa Pediatrica<\/div>\r\n\t\t\t\t\t\t\t\t\r\n\t\t\t\t\t\t\t\r\n\t\t\t\t\t\t\t\t<div class=\"staff-btn\">\r\n\t\t\t<\/div>\r\n\t\t\t\t\t<\/div>\r\n\t\t\t\t\t\t\t<\/div>\r\n\t\t<\/div>\r\n\t<\/div>\r\n<\/div>        <\/div>\r\n                        <div class=\"isotope-item \">\r\n            <div class=\"team-item post-55222 staff-items type-staff-items status-publish has-post-thumbnail hentry\">\r\n\t<div class=\"team-item-skin-style5\">\r\n\t\t<div class=\"team-thumb\">\r\n\t\t\t\t\t\t\t\t\t\t\r\n\t\t<div class=\"thumb\">\r\n\t\t<img loading=\"lazy\" decoding=\"async\" width=\"700\" height=\"800\" src=\"https:\/\/colinadental.net\/wp-content\/uploads\/2021\/04\/11.jpg\" class=\"img-fullwidth wp-post-image\" alt=\"\" srcset=\"https:\/\/colinadental.net\/wp-content\/uploads\/2021\/04\/11.jpg 700w, https:\/\/colinadental.net\/wp-content\/uploads\/2021\/04\/11-263x300.jpg 263w, https:\/\/colinadental.net\/wp-content\/uploads\/2021\/04\/11-600x686.jpg 600w\" sizes=\"(max-width: 700px) 100vw, 700px\" \/>\t<\/div>\r\n\t\t\t\t<div class=\"team-social\">\r\n\t\t\t\t\t\t\t\t\t<ul class=\"styled-icons icon-team-list icon-white\">\r\n\t\t\t\t\t\t\r\n\t\t\t\t\t<\/ul>\r\n\t\t\t\t\t\t\t<\/div>\r\n\t\t<\/div>\r\n\t\t<div class=\"team-content\">\r\n\t\t\t<div class=\"team-information\">\r\n\t\t\t\t\t\t\t\t\t<div class=\"staff-content\">\r\n\t\t\t\t\t\t\r\n\t\t<p class=\"name\">\r\n\t\t\t\t<a href=\"https:\/\/colinadental.net\/es\/staff\/dr-gabriela-sibaja\/\">Dr. Gabriela Sibaja<\/a>\r\n\t\t\t<\/p>\r\n\t\r\n\t\t<div class=\"speciality\">Odontolog\u00eda general y coordinadora de pacientes<\/div>\r\n\t\t\t\t\t\t\t\t\r\n\t\t\t\t\t\t\t\r\n\t\t\t\t\t\t\t\t<div class=\"staff-btn\">\r\n\t\t\t<\/div>\r\n\t\t\t\t\t<\/div>\r\n\t\t\t\t\t\t\t<\/div>\r\n\t\t<\/div>\r\n\t<\/div>\r\n<\/div>        <\/div>\r\n                        <div class=\"isotope-item \">\r\n            <div class=\"team-item post-55229 staff-items type-staff-items status-publish has-post-thumbnail hentry\">\r\n\t<div class=\"team-item-skin-style5\">\r\n\t\t<div class=\"team-thumb\">\r\n\t\t\t\t\t\t\t\t\t\t\r\n\t\t<div class=\"thumb\">\r\n\t\t<img loading=\"lazy\" decoding=\"async\" width=\"700\" height=\"800\" src=\"https:\/\/colinadental.net\/wp-content\/uploads\/2024\/06\/Staff-Colina-Dental-4.jpg\" class=\"img-fullwidth wp-post-image\" alt=\"\" srcset=\"https:\/\/colinadental.net\/wp-content\/uploads\/2024\/06\/Staff-Colina-Dental-4.jpg 700w, https:\/\/colinadental.net\/wp-content\/uploads\/2024\/06\/Staff-Colina-Dental-4-263x300.jpg 263w, https:\/\/colinadental.net\/wp-content\/uploads\/2024\/06\/Staff-Colina-Dental-4-600x686.jpg 600w\" sizes=\"(max-width: 700px) 100vw, 700px\" \/>\t<\/div>\r\n\t\t\t\t<div class=\"team-social\">\r\n\t\t\t\t\t\t\t\t\t<ul class=\"styled-icons icon-team-list icon-white\">\r\n\t\t\t\t\t\t\r\n\t\t\t\t\t<\/ul>\r\n\t\t\t\t\t\t\t<\/div>\r\n\t\t<\/div>\r\n\t\t<div class=\"team-content\">\r\n\t\t\t<div class=\"team-information\">\r\n\t\t\t\t\t\t\t\t\t<div class=\"staff-content\">\r\n\t\t\t\t\t\t\r\n\t\t<p class=\"name\">\r\n\t\t\t\t<a href=\"https:\/\/colinadental.net\/es\/staff\/dr-carlos-arguello\/\">Dr. Carlos Arguello<\/a>\r\n\t\t\t<\/p>\r\n\t\r\n\t\t<div class=\"speciality\">Prostodoncista<\/div>\r\n\t\t\t\t\t\t\t\t\r\n\t\t\t\t\t\t\t\r\n\t\t\t\t\t\t\t\t<div class=\"staff-btn\">\r\n\t\t\t<\/div>\r\n\t\t\t\t\t<\/div>\r\n\t\t\t\t\t\t\t<\/div>\r\n\t\t<\/div>\r\n\t<\/div>\r\n<\/div>        <\/div>\r\n                <!-- end of the loop -->\r\n\t\t\t<\/div>\r\n\t\t<\/div>\r\n\t\t\t<\/div>\r\n\t\t\r\n\t\t<\/div>\n\t\t\t\t<\/div>\n\t\t\t\t\t<\/div>\n\t\t<\/div>\n\t\t\t\t\t<\/div>\n\t\t<\/section>\n\t\t\t\t<\/div>\n\t\t","protected":false},"excerpt":{"rendered":"<p>Los Profesionales de Colina Dental Cuando elige Colina Dental, recibir\u00e1 m\u00e1s que una atenci\u00f3n dental excepcional a precios realmente asequibles&#8230;.<\/p>\n","protected":false},"author":1,"featured_media":0,"parent":0,"menu_order":94,"comment_status":"closed","ping_status":"closed","template":"","meta":{"content-type":"","footnotes":""},"_links":{"self":[{"href":"https:\/\/colinadental.net\/es\/wp-json\/wp\/v2\/pages\/54949"}],"collection":[{"href":"https:\/\/colinadental.net\/es\/wp-json\/wp\/v2\/pages"}],"about":[{"href":"https:\/\/colinadental.net\/es\/wp-json\/wp\/v2\/types\/page"}],"author":[{"embeddable":true,"href":"https:\/\/colinadental.net\/es\/wp-json\/wp\/v2\/users\/1"}],"replies":[{"embeddable":true,"href":"https:\/\/colinadental.net\/es\/wp-json\/wp\/v2\/comments?post=54949"}],"version-history":[{"count":6,"href":"https:\/\/colinadental.net\/es\/wp-json\/wp\/v2\/pages\/54949\/revisions"}],"predecessor-version":[{"id":54955,"href":"https:\/\/colinadental.net\/es\/wp-json\/wp\/v2\/pages\/54949\/revisions\/54955"}],"wp:attachment":[{"href":"https:\/\/colinadental.net\/es\/wp-json\/wp\/v2\/media?parent=54949"}],"curies":[{"name":"wp","href":"https:\/\/api.w.org\/{rel}","templated":true}]}}