{"id":55054,"date":"2024-04-12T12:15:04","date_gmt":"2024-04-12T12:15:04","guid":{"rendered":"https:\/\/colinadental.net\/colina-inn\/"},"modified":"2024-06-27T04:51:26","modified_gmt":"2024-06-27T04:51:26","slug":"sample-page","status":"publish","type":"page","link":"https:\/\/colinadental.net\/es\/sample-page\/","title":{"rendered":"Colina Inn"},"content":{"rendered":"\t\t<div data-elementor-type=\"wp-page\" data-elementor-id=\"55054\" class=\"elementor elementor-55054 elementor-2\" data-elementor-post-type=\"page\">\n\t\t\t\t<div class=\"elementor-element elementor-element-570d54d6 e-flex e-con-boxed e-con e-parent\" data-id=\"570d54d6\" data-element_type=\"container\">\n\t\t\t\t\t<div class=\"e-con-inner\">\n\t\t\t\t<div class=\"elementor-element elementor-element-4a094e12 elementor-widget elementor-widget-text-editor\" data-id=\"4a094e12\" data-element_type=\"widget\" data-widget_type=\"text-editor.default\">\n\t\t\t\t<div class=\"elementor-widget-container\">\n\t\t\t<style>\/*! elementor - v3.22.0 - 24-06-2024 *\/\n.elementor-widget-text-editor.elementor-drop-cap-view-stacked .elementor-drop-cap{background-color:#69727d;color:#fff}.elementor-widget-text-editor.elementor-drop-cap-view-framed .elementor-drop-cap{color:#69727d;border:3px solid;background-color:transparent}.elementor-widget-text-editor:not(.elementor-drop-cap-view-default) .elementor-drop-cap{margin-top:8px}.elementor-widget-text-editor:not(.elementor-drop-cap-view-default) .elementor-drop-cap-letter{width:1em;height:1em}.elementor-widget-text-editor .elementor-drop-cap{float:left;text-align:center;line-height:1;font-size:50px}.elementor-widget-text-editor .elementor-drop-cap-letter{display:inline-block}<\/style>\t\t\t\t<h2>Colina Inn\u00a0<\/h2>\t\t\t\t\t\t<\/div>\n\t\t\t\t<\/div>\n\t\t\t\t\t<\/div>\n\t\t\t\t<\/div>\n\t\t<div class=\"elementor-element elementor-element-67a0ec1 e-flex e-con-boxed e-con e-parent\" data-id=\"67a0ec1\" data-element_type=\"container\">\n\t\t\t\t\t<div class=\"e-con-inner\">\n\t\t\t\t<div class=\"elementor-element elementor-element-3e08dc6 elementor-widget elementor-widget-text-editor\" data-id=\"3e08dc6\" data-element_type=\"widget\" data-widget_type=\"text-editor.default\">\n\t\t\t\t<div class=\"elementor-widget-container\">\n\t\t\t\t\t\t\t<p>Colina Inn es un elegante Bed &amp; Breakfast, hemos pensado en todos los detalles, para tu seguridad y comodidad.<br \/>El Hostal est\u00e1 ubicado en San Rafael, Escaz\u00fa, al lado de nuestra cl\u00ednica.<\/p>\t\t\t\t\t\t<\/div>\n\t\t\t\t<\/div>\n\t\t\t\t\t<\/div>\n\t\t\t\t<\/div>\n\t\t<div class=\"elementor-element elementor-element-b2ad487 e-flex e-con-boxed e-con e-parent\" data-id=\"b2ad487\" data-element_type=\"container\">\n\t\t\t\t\t<div class=\"e-con-inner\">\n\t\t\t\t<div class=\"elementor-element elementor-element-8c76c53 elementor-widget elementor-widget-justified-image-grid-elementor-widget\" data-id=\"8c76c53\" data-element_type=\"widget\" data-widget_type=\"justified-image-grid-elementor-widget.default\">\n\t\t\t\t<div class=\"elementor-widget-container\">\n\t\t\t<div id=\"jig1\" class=\"justified-image-grid jig-430922d2543846ea9813d664225b2b62 jig-preset-11 jig-source-wp-gallery jig-id-53277\"><div class=\"jig-clearfix\"><\/div><noscript id=\"jig1-html\" class=\"justified-image-grid-html\" data-lazy-src=\"skiplazyload\" data-src=\"skipunveillazyload\"><ul><li><a href=\"https:\/\/colinadental.net\/wp-content\/uploads\/2024\/05\/IMG_8519-1024x683.jpg\"><img fetchpriority=\"high\" decoding=\"async\" src=\"https:\/\/colinadental.net\/wp-content\/plugins\/justified-image-grid\/timthumb.php?src=https%3A%2F%2Fcolinadental.net%2Fwp-content%2Fuploads%2F2024%2F05%2FIMG_8519-1024x683.jpg&amp;h=290&amp;q=90&amp;f=.jpg\" alt=\"IMG_8519\" width=\"434\" height=\"290\" \/><\/a><p class=\"jig-HTMLdescription\">IMG_8519<\/p><\/li><li><a href=\"https:\/\/colinadental.net\/wp-content\/uploads\/2024\/05\/IMG_8432-1024x683.jpg\"><img decoding=\"async\" src=\"https:\/\/colinadental.net\/wp-content\/plugins\/justified-image-grid\/timthumb.php?src=https%3A%2F%2Fcolinadental.net%2Fwp-content%2Fuploads%2F2024%2F05%2FIMG_8432-1024x683.jpg&amp;h=290&amp;q=90&amp;f=.jpg\" alt=\"IMG_8432\" width=\"434\" height=\"290\" \/><\/a><p class=\"jig-HTMLdescription\">IMG_8432<\/p><\/li><li><a href=\"https:\/\/colinadental.net\/wp-content\/uploads\/2024\/05\/IMG_8498-1024x683.jpg\"><img decoding=\"async\" src=\"https:\/\/colinadental.net\/wp-content\/plugins\/justified-image-grid\/timthumb.php?src=https%3A%2F%2Fcolinadental.net%2Fwp-content%2Fuploads%2F2024%2F05%2FIMG_8498-1024x683.jpg&amp;h=290&amp;q=90&amp;f=.jpg\" alt=\"IMG_8498\" width=\"434\" height=\"290\" \/><\/a><p class=\"jig-HTMLdescription\">IMG_8498<\/p><\/li><li><a href=\"https:\/\/colinadental.net\/wp-content\/uploads\/2024\/05\/IMG_8770-1024x683.jpg\"><img loading=\"lazy\" decoding=\"async\" src=\"https:\/\/colinadental.net\/wp-content\/plugins\/justified-image-grid\/timthumb.php?src=https%3A%2F%2Fcolinadental.net%2Fwp-content%2Fuploads%2F2024%2F05%2FIMG_8770-1024x683.jpg&amp;h=290&amp;q=90&amp;f=.jpg\" alt=\"IMG_8770\" width=\"434\" height=\"290\" \/><\/a><p class=\"jig-HTMLdescription\">IMG_8770<\/p><\/li><li><a href=\"https:\/\/colinadental.net\/wp-content\/uploads\/2024\/05\/IMG_8989-1024x683.jpg\"><img loading=\"lazy\" decoding=\"async\" src=\"https:\/\/colinadental.net\/wp-content\/plugins\/justified-image-grid\/timthumb.php?src=https%3A%2F%2Fcolinadental.net%2Fwp-content%2Fuploads%2F2024%2F05%2FIMG_8989-1024x683.jpg&amp;h=290&amp;q=90&amp;f=.jpg\" alt=\"IMG_8989\" width=\"434\" height=\"290\" \/><\/a><p class=\"jig-HTMLdescription\">IMG_8989<\/p><\/li><li><a href=\"https:\/\/colinadental.net\/wp-content\/uploads\/2024\/05\/IMG_8475-1024x683.jpg\"><img loading=\"lazy\" decoding=\"async\" src=\"https:\/\/colinadental.net\/wp-content\/plugins\/justified-image-grid\/timthumb.php?src=https%3A%2F%2Fcolinadental.net%2Fwp-content%2Fuploads%2F2024%2F05%2FIMG_8475-1024x683.jpg&amp;h=290&amp;q=90&amp;f=.jpg\" alt=\"IMG_8475\" width=\"434\" height=\"290\" \/><\/a><p class=\"jig-HTMLdescription\">IMG_8475<\/p><\/li><li><a href=\"https:\/\/colinadental.net\/wp-content\/uploads\/2024\/05\/IMG_8601-1024x683.jpg\"><img loading=\"lazy\" decoding=\"async\" src=\"https:\/\/colinadental.net\/wp-content\/plugins\/justified-image-grid\/timthumb.php?src=https%3A%2F%2Fcolinadental.net%2Fwp-content%2Fuploads%2F2024%2F05%2FIMG_8601-1024x683.jpg&amp;h=290&amp;q=90&amp;f=.jpg\" alt=\"IMG_8601\" width=\"434\" height=\"290\" \/><\/a><p class=\"jig-HTMLdescription\">IMG_8601<\/p><\/li><li><a href=\"https:\/\/colinadental.net\/wp-content\/uploads\/2024\/05\/IMG_8607-1024x683.jpg\"><img loading=\"lazy\" decoding=\"async\" src=\"https:\/\/colinadental.net\/wp-content\/plugins\/justified-image-grid\/timthumb.php?src=https%3A%2F%2Fcolinadental.net%2Fwp-content%2Fuploads%2F2024%2F05%2FIMG_8607-1024x683.jpg&amp;h=290&amp;q=90&amp;f=.jpg\" alt=\"IMG_8607\" width=\"434\" height=\"290\" \/><\/a><p class=\"jig-HTMLdescription\">IMG_8607<\/p><\/li><li><a href=\"https:\/\/colinadental.net\/wp-content\/uploads\/2024\/05\/IMG_8606-1024x683.jpg\"><img loading=\"lazy\" decoding=\"async\" src=\"https:\/\/colinadental.net\/wp-content\/plugins\/justified-image-grid\/timthumb.php?src=https%3A%2F%2Fcolinadental.net%2Fwp-content%2Fuploads%2F2024%2F05%2FIMG_8606-1024x683.jpg&amp;h=290&amp;q=90&amp;f=.jpg\" alt=\"IMG_8606\" width=\"434\" height=\"290\" \/><\/a><p class=\"jig-HTMLdescription\">IMG_8606<\/p><\/li><li><a href=\"https:\/\/colinadental.net\/wp-content\/uploads\/2024\/05\/IMG_8463-1024x683.jpg\"><img loading=\"lazy\" decoding=\"async\" src=\"https:\/\/colinadental.net\/wp-content\/plugins\/justified-image-grid\/timthumb.php?src=https%3A%2F%2Fcolinadental.net%2Fwp-content%2Fuploads%2F2024%2F05%2FIMG_8463-1024x683.jpg&amp;h=290&amp;q=90&amp;f=.jpg\" alt=\"IMG_8463\" width=\"434\" height=\"290\" \/><\/a><p class=\"jig-HTMLdescription\">IMG_8463<\/p><\/li><li><a href=\"https:\/\/colinadental.net\/wp-content\/uploads\/2024\/05\/IMG_8622-1024x683.jpg\"><img loading=\"lazy\" decoding=\"async\" src=\"https:\/\/colinadental.net\/wp-content\/plugins\/justified-image-grid\/timthumb.php?src=https%3A%2F%2Fcolinadental.net%2Fwp-content%2Fuploads%2F2024%2F05%2FIMG_8622-1024x683.jpg&amp;h=290&amp;q=90&amp;f=.jpg\" alt=\"IMG_8622\" width=\"434\" height=\"290\" \/><\/a><p class=\"jig-HTMLdescription\">IMG_8622<\/p><\/li><li><a href=\"https:\/\/colinadental.net\/wp-content\/uploads\/2024\/05\/IMG_8680-1024x683.jpg\"><img loading=\"lazy\" decoding=\"async\" src=\"https:\/\/colinadental.net\/wp-content\/plugins\/justified-image-grid\/timthumb.php?src=https%3A%2F%2Fcolinadental.net%2Fwp-content%2Fuploads%2F2024%2F05%2FIMG_8680-1024x683.jpg&amp;h=290&amp;q=90&amp;f=.jpg\" alt=\"IMG_8680\" width=\"434\" height=\"290\" \/><\/a><p class=\"jig-HTMLdescription\">IMG_8680<\/p><\/li><li><a href=\"https:\/\/colinadental.net\/wp-content\/uploads\/2024\/05\/IMG_8705-1024x683.jpg\"><img loading=\"lazy\" decoding=\"async\" src=\"https:\/\/colinadental.net\/wp-content\/plugins\/justified-image-grid\/timthumb.php?src=https%3A%2F%2Fcolinadental.net%2Fwp-content%2Fuploads%2F2024%2F05%2FIMG_8705-1024x683.jpg&amp;h=290&amp;q=90&amp;f=.jpg\" alt=\"IMG_8705\" width=\"434\" height=\"290\" \/><\/a><p class=\"jig-HTMLdescription\">IMG_8705<\/p><\/li><\/ul><\/noscript><\/div>\t\t<\/div>\n\t\t\t\t<\/div>\n\t\t\t\t\t<\/div>\n\t\t\t\t<\/div>\n\t\t<div class=\"elementor-element elementor-element-47d726d e-flex e-con-boxed e-con e-parent\" data-id=\"47d726d\" data-element_type=\"container\">\n\t\t\t\t\t<div class=\"e-con-inner\">\n\t\t\t\t<div class=\"elementor-element elementor-element-5d37b86 elementor-widget elementor-widget-text-editor\" data-id=\"5d37b86\" data-element_type=\"widget\" data-widget_type=\"text-editor.default\">\n\t\t\t\t<div class=\"elementor-widget-container\">\n\t\t\t\t\t\t\t<p>Colina Inn es un fabuloso bed and breakfast ubicado en Escaz\u00fa, justo al lado de nuestra cl\u00ednica Colina Dental. Es un espacio moderno, limpio, elegante y familiar. Se caracteriza por sus acabados de lujo, tambi\u00e9n por servicios como aire acondicionado central y vidrios aislantes.<\/p><p>La posada cuenta con 4 habitaciones con ba\u00f1o privado, cocineta, jard\u00edn, fuente, estacionamiento.<\/p><p>Su excelente ubicaci\u00f3n pone a tu disposici\u00f3n los mejores supermercados y restaurantes de la zona.<\/p>\t\t\t\t\t\t<\/div>\n\t\t\t\t<\/div>\n\t\t\t\t<div class=\"elementor-element elementor-element-2227fec elementor-widget elementor-widget-text-editor\" data-id=\"2227fec\" data-element_type=\"widget\" data-widget_type=\"text-editor.default\">\n\t\t\t\t<div class=\"elementor-widget-container\">\n\t\t\t\t\t\t\t<h2>Incluye:<\/h2>\t\t\t\t\t\t<\/div>\n\t\t\t\t<\/div>\n\t\t\t\t\t<\/div>\n\t\t\t\t<\/div>\n\t\t<div class=\"elementor-element elementor-element-cd6e218 e-flex e-con-boxed e-con e-parent\" data-id=\"cd6e218\" data-element_type=\"container\">\n\t\t\t\t\t<div class=\"e-con-inner\">\n\t\t\t\t<div class=\"elementor-element elementor-element-202ac4e elementor-widget elementor-widget-tm-ele-list\" data-id=\"202ac4e\" data-element_type=\"widget\" data-widget_type=\"tm-ele-list.default\">\n\t\t\t\t<div class=\"elementor-widget-container\">\n\t\t\t<ul class=\"tm-sc-list \">\r\n\t<li class=\"\">\r\n\t\t\t\t<i aria-hidden=\"true\" class=\"far fa-check-circle\"><\/i>\t\t\t\t<span>\r\n\tSeguridad, llaves inteligentes<\/span><\/li>\t<li class=\"\">\r\n\t\t\t\t<i aria-hidden=\"true\" class=\"far fa-check-circle\"><\/i>\t\t\t\t<span>\r\n\tDesayuno continental<\/span><\/li>\t<li class=\"\">\r\n\t\t\t\t<i aria-hidden=\"true\" class=\"far fa-check-circle\"><\/i>\t\t\t\t<span>\r\n\tInternet fibra optica<\/span><\/li>\t<li class=\"\">\r\n\t\t\t\t<i aria-hidden=\"true\" class=\"far fa-check-circle\"><\/i>\t\t\t\t<span>\r\n\tGrandes pantallas de TV con Netflix y cable.<\/span><\/li>\t<li class=\"\">\r\n\t\t\t\t<i aria-hidden=\"true\" class=\"far fa-check-circle\"><\/i>\t\t\t\t<span>\r\n\tLavadora en el sitio<\/span><\/li>\t<li class=\"\">\r\n\t\t\t\t<i aria-hidden=\"true\" class=\"far fa-check-circle\"><\/i>\t\t\t\t<span>\r\n\tLimpieza de habitaciones todos los d\u00edas.<\/span><\/li><\/ul>\t\t<\/div>\n\t\t\t\t<\/div>\n\t\t\t\t<div class=\"elementor-element elementor-element-59be07b elementor-widget elementor-widget-text-editor\" data-id=\"59be07b\" data-element_type=\"widget\" data-widget_type=\"text-editor.default\">\n\t\t\t\t<div class=\"elementor-widget-container\">\n\t\t\t\t\t\t\t<h2>Tarifas:<\/h2><p>Tarifa especial para pacientes: $75 por noche, para 2 personas y pacientes de otras cl\u00ednicas dentales.<br \/>Tarifas especiales de transporte al aeropuerto ida y vuelta.<br \/>Habitaci\u00f3n habilitada para personas discapacitadas o discapacitadas.<br \/>La posada cuenta con 4 habitaciones con ba\u00f1o privado cocineta, jard\u00edn, fuente, estacionamiento. Su excelente ubicaci\u00f3n pone a tu disposici\u00f3n los mejores supermercados y restaurantes de la zona.<\/p>\t\t\t\t\t\t<\/div>\n\t\t\t\t<\/div>\n\t\t\t\t\t<\/div>\n\t\t\t\t<\/div>\n\t\t\t\t<\/div>\n\t\t","protected":false},"excerpt":{"rendered":"<p>Colina Inn\u00a0 Colina Inn es un elegante Bed &amp; Breakfast, hemos pensado en todos los detalles, para tu seguridad y&#8230;<\/p>\n","protected":false},"author":1,"featured_media":0,"parent":0,"menu_order":17,"comment_status":"closed","ping_status":"open","template":"","meta":{"content-type":"","footnotes":""},"_links":{"self":[{"href":"https:\/\/colinadental.net\/es\/wp-json\/wp\/v2\/pages\/55054"}],"collection":[{"href":"https:\/\/colinadental.net\/es\/wp-json\/wp\/v2\/pages"}],"about":[{"href":"https:\/\/colinadental.net\/es\/wp-json\/wp\/v2\/types\/page"}],"author":[{"embeddable":true,"href":"https:\/\/colinadental.net\/es\/wp-json\/wp\/v2\/users\/1"}],"replies":[{"embeddable":true,"href":"https:\/\/colinadental.net\/es\/wp-json\/wp\/v2\/comments?post=55054"}],"version-history":[{"count":5,"href":"https:\/\/colinadental.net\/es\/wp-json\/wp\/v2\/pages\/55054\/revisions"}],"predecessor-version":[{"id":55059,"href":"https:\/\/colinadental.net\/es\/wp-json\/wp\/v2\/pages\/55054\/revisions\/55059"}],"wp:attachment":[{"href":"https:\/\/colinadental.net\/es\/wp-json\/wp\/v2\/media?parent=55054"}],"curies":[{"name":"wp","href":"https:\/\/api.w.org\/{rel}","templated":true}]}}