{"id":55240,"date":"2024-05-26T15:37:18","date_gmt":"2024-05-26T15:37:18","guid":{"rendered":"https:\/\/colinadental.net\/sample-page-2-2-2\/"},"modified":"2024-06-27T21:29:50","modified_gmt":"2024-06-27T21:29:50","slug":"sample-page-2-2-2","status":"publish","type":"page","link":"https:\/\/colinadental.net\/es\/sample-page-2-2-2\/","title":{"rendered":"Costa Rica Tourist Information"},"content":{"rendered":"\t\t<div data-elementor-type=\"wp-page\" data-elementor-id=\"55240\" class=\"elementor elementor-55240 elementor-53433\" data-elementor-post-type=\"page\">\n\t\t\t\t<div class=\"elementor-element elementor-element-570d54d6 e-flex e-con-boxed e-con e-parent\" data-id=\"570d54d6\" data-element_type=\"container\">\n\t\t\t\t\t<div class=\"e-con-inner\">\n\t\t\t\t<div class=\"elementor-element elementor-element-4a094e12 elementor-widget elementor-widget-text-editor\" data-id=\"4a094e12\" data-element_type=\"widget\" data-widget_type=\"text-editor.default\">\n\t\t\t\t<div class=\"elementor-widget-container\">\n\t\t\t<style>\/*! elementor - v3.22.0 - 24-06-2024 *\/\n.elementor-widget-text-editor.elementor-drop-cap-view-stacked .elementor-drop-cap{background-color:#69727d;color:#fff}.elementor-widget-text-editor.elementor-drop-cap-view-framed .elementor-drop-cap{color:#69727d;border:3px solid;background-color:transparent}.elementor-widget-text-editor:not(.elementor-drop-cap-view-default) .elementor-drop-cap{margin-top:8px}.elementor-widget-text-editor:not(.elementor-drop-cap-view-default) .elementor-drop-cap-letter{width:1em;height:1em}.elementor-widget-text-editor .elementor-drop-cap{float:left;text-align:center;line-height:1;font-size:50px}.elementor-widget-text-editor .elementor-drop-cap-letter{display:inline-block}<\/style>\t\t\t\t<h2 class=\"wp-block-heading\">Informaci\u00f3n Tur\u00edstica de Costa Rica<\/h2>\t\t\t\t\t\t<\/div>\n\t\t\t\t<\/div>\n\t\t\t\t\t<\/div>\n\t\t\t\t<\/div>\n\t\t<div class=\"elementor-element elementor-element-103e072 e-flex e-con-boxed e-con e-parent\" data-id=\"103e072\" data-element_type=\"container\" data-settings=\"{&quot;background_background&quot;:&quot;classic&quot;}\">\n\t\t\t\t\t<div class=\"e-con-inner\">\n\t\t<div class=\"elementor-element elementor-element-45cd4e4 e-con-full e-flex e-con e-child\" data-id=\"45cd4e4\" data-element_type=\"container\">\n\t\t\t\t<div class=\"elementor-element elementor-element-7562d8d elementor-widget elementor-widget-text-editor\" data-id=\"7562d8d\" data-element_type=\"widget\" data-widget_type=\"text-editor.default\">\n\t\t\t\t<div class=\"elementor-widget-container\">\n\t\t\t\t\t\t\t<p>Colina Dental est\u00e1 asociada con algunos de los mejores hoteles locales, ubicados a solo minutos de nuestras oficinas y cerca de lo mejor que Costa Rica tiene para ofrecer.<\/p><p>Obtenga su trato de calidad en Costa Rica, un destino \u00fanico en el mundo. Coordine con nosotros todos los detalles de su estad\u00eda en nuestro pa\u00eds.<\/p>\t\t\t\t\t\t<\/div>\n\t\t\t\t<\/div>\n\t\t\t\t<\/div>\n\t\t\t\t\t<\/div>\n\t\t\t\t<\/div>\n\t\t<div class=\"elementor-element elementor-element-222a11a e-flex e-con-boxed e-con e-parent\" data-id=\"222a11a\" data-element_type=\"container\" data-settings=\"{&quot;background_background&quot;:&quot;classic&quot;}\">\n\t\t\t\t\t<div class=\"e-con-inner\">\n\t\t<div class=\"elementor-element elementor-element-f4642ac e-con-full e-flex e-con e-child\" data-id=\"f4642ac\" data-element_type=\"container\">\n\t\t\t\t<div class=\"elementor-element elementor-element-6603076 elementor-widget elementor-widget-image\" data-id=\"6603076\" data-element_type=\"widget\" data-widget_type=\"image.default\">\n\t\t\t\t<div class=\"elementor-widget-container\">\n\t\t\t<style>\/*! elementor - v3.22.0 - 24-06-2024 *\/\n.elementor-widget-image{text-align:center}.elementor-widget-image a{display:inline-block}.elementor-widget-image a img[src$=\".svg\"]{width:48px}.elementor-widget-image img{vertical-align:middle;display:inline-block}<\/style>\t\t\t\t\t\t\t\t\t\t<img fetchpriority=\"high\" decoding=\"async\" width=\"1024\" height=\"683\" src=\"https:\/\/colinadental.net\/wp-content\/uploads\/2024\/05\/IMG_8519-1024x683.jpg\" class=\"attachment-large size-large wp-image-53283\" alt=\"\" srcset=\"https:\/\/colinadental.net\/wp-content\/uploads\/2024\/05\/IMG_8519-1024x683.jpg 1024w, https:\/\/colinadental.net\/wp-content\/uploads\/2024\/05\/IMG_8519-300x200.jpg 300w, https:\/\/colinadental.net\/wp-content\/uploads\/2024\/05\/IMG_8519-768x512.jpg 768w, https:\/\/colinadental.net\/wp-content\/uploads\/2024\/05\/IMG_8519-1536x1024.jpg 1536w, https:\/\/colinadental.net\/wp-content\/uploads\/2024\/05\/IMG_8519-672x448.jpg 672w, https:\/\/colinadental.net\/wp-content\/uploads\/2024\/05\/IMG_8519-600x400.jpg 600w, https:\/\/colinadental.net\/wp-content\/uploads\/2024\/05\/IMG_8519.jpg 1620w\" sizes=\"(max-width: 1024px) 100vw, 1024px\" \/>\t\t\t\t\t\t\t\t\t\t\t\t\t<\/div>\n\t\t\t\t<\/div>\n\t\t\t\t<\/div>\n\t\t<div class=\"elementor-element elementor-element-65aaede e-con-full e-flex e-con e-child\" data-id=\"65aaede\" data-element_type=\"container\">\n\t\t\t\t<div class=\"elementor-element elementor-element-170d382 elementor-widget elementor-widget-text-editor\" data-id=\"170d382\" data-element_type=\"widget\" data-widget_type=\"text-editor.default\">\n\t\t\t\t<div class=\"elementor-widget-container\">\n\t\t\t\t\t\t\t<h3>Colina Inn<\/h3><p>Colina Inn es un elegante Bed &amp; Breakfast, hemos pensado en todos los detalles, para tu seguridad y comodidad.<br \/>El Hostal est\u00e1 ubicado en San Rafael, Escaz\u00fa, al lado de nuestra cl\u00ednica.<\/p>\t\t\t\t\t\t<\/div>\n\t\t\t\t<\/div>\n\t\t\t\t<\/div>\n\t\t\t\t\t<\/div>\n\t\t\t\t<\/div>\n\t\t<div class=\"elementor-element elementor-element-540b98e e-flex e-con-boxed e-con e-parent\" data-id=\"540b98e\" data-element_type=\"container\" data-settings=\"{&quot;background_background&quot;:&quot;classic&quot;}\">\n\t\t\t\t\t<div class=\"e-con-inner\">\n\t\t<div class=\"elementor-element elementor-element-5b42d60 e-con-full e-flex e-con e-child\" data-id=\"5b42d60\" data-element_type=\"container\">\n\t\t\t\t<div class=\"elementor-element elementor-element-1ab6da2 elementor-widget elementor-widget-image\" data-id=\"1ab6da2\" data-element_type=\"widget\" data-widget_type=\"image.default\">\n\t\t\t\t<div class=\"elementor-widget-container\">\n\t\t\t\t\t\t\t\t\t\t\t\t\t<img decoding=\"async\" width=\"768\" height=\"582\" src=\"https:\/\/colinadental.net\/wp-content\/uploads\/2024\/05\/casatias-768x582.jpg\" class=\"attachment-medium_large size-medium_large wp-image-53461\" alt=\"\" srcset=\"https:\/\/colinadental.net\/wp-content\/uploads\/2024\/05\/casatias-768x582.jpg 768w, https:\/\/colinadental.net\/wp-content\/uploads\/2024\/05\/casatias-300x227.jpg 300w, https:\/\/colinadental.net\/wp-content\/uploads\/2024\/05\/casatias-600x454.jpg 600w, https:\/\/colinadental.net\/wp-content\/uploads\/2024\/05\/casatias.jpg 1014w\" sizes=\"(max-width: 768px) 100vw, 768px\" \/>\t\t\t\t\t\t\t\t\t\t\t\t\t<\/div>\n\t\t\t\t<\/div>\n\t\t\t\t<\/div>\n\t\t<div class=\"elementor-element elementor-element-aa3b25d e-con-full e-flex e-con e-child\" data-id=\"aa3b25d\" data-element_type=\"container\">\n\t\t\t\t<div class=\"elementor-element elementor-element-1c98fd5 elementor-widget elementor-widget-text-editor\" data-id=\"1c98fd5\" data-element_type=\"widget\" data-widget_type=\"text-editor.default\">\n\t\t\t\t<div class=\"elementor-widget-container\">\n\t\t\t\t\t\t\t<h3>Casa de las Tias<\/h3><p>La casa de estilo victoriano de madera de cedro, ubicada en una finca de medio acre, es un excelente comienzo para fabulosas vacaciones en la playa, una base ideal para negocios, viajes a las monta\u00f1as del Valle Central, volcanes, pueblos pintorescos, rafting y aventuras en la jungla. \u00a1Puedes empezar a observar aves desde el desayuno!<\/p><p>Tel: +(506) 2289 5517<\/p>\t\t\t\t\t\t<\/div>\n\t\t\t\t<\/div>\n\t\t\t\t<\/div>\n\t\t\t\t\t<\/div>\n\t\t\t\t<\/div>\n\t\t<div class=\"elementor-element elementor-element-29a2d1e e-flex e-con-boxed e-con e-parent\" data-id=\"29a2d1e\" data-element_type=\"container\" data-settings=\"{&quot;background_background&quot;:&quot;classic&quot;}\">\n\t\t\t\t\t<div class=\"e-con-inner\">\n\t\t<div class=\"elementor-element elementor-element-21387df e-con-full e-flex e-con e-child\" data-id=\"21387df\" data-element_type=\"container\">\n\t\t\t\t<div class=\"elementor-element elementor-element-9795dd3 elementor-widget elementor-widget-image\" data-id=\"9795dd3\" data-element_type=\"widget\" data-widget_type=\"image.default\">\n\t\t\t\t<div class=\"elementor-widget-container\">\n\t\t\t\t\t\t\t\t\t\t\t\t\t<img decoding=\"async\" width=\"800\" height=\"600\" src=\"https:\/\/colinadental.net\/wp-content\/uploads\/2024\/05\/quijote.jpg\" class=\"attachment-large size-large wp-image-53471\" alt=\"\" srcset=\"https:\/\/colinadental.net\/wp-content\/uploads\/2024\/05\/quijote.jpg 800w, https:\/\/colinadental.net\/wp-content\/uploads\/2024\/05\/quijote-300x225.jpg 300w, https:\/\/colinadental.net\/wp-content\/uploads\/2024\/05\/quijote-768x576.jpg 768w, https:\/\/colinadental.net\/wp-content\/uploads\/2024\/05\/quijote-600x450.jpg 600w\" sizes=\"(max-width: 800px) 100vw, 800px\" \/>\t\t\t\t\t\t\t\t\t\t\t\t\t<\/div>\n\t\t\t\t<\/div>\n\t\t\t\t<\/div>\n\t\t<div class=\"elementor-element elementor-element-76df278 e-con-full e-flex e-con e-child\" data-id=\"76df278\" data-element_type=\"container\">\n\t\t\t\t<div class=\"elementor-element elementor-element-f568862 elementor-widget elementor-widget-text-editor\" data-id=\"f568862\" data-element_type=\"widget\" data-widget_type=\"text-editor.default\">\n\t\t\t\t<div class=\"elementor-widget-container\">\n\t\t\t\t\t\t\t<h3>Posada El Quijote:<\/h3><p>Escaz\u00fa Posada El Quijote, es un hotel colonial de diez habitaciones situado en una colina con un hermoso jard\u00edn grande y una terraza con fant\u00e1sticas vistas de San Jos\u00e9. A s\u00f3lo 0,9 millas \/ 1,4 km de Colina Dental. El hotel ofrece a los clientes dentales tarifas reducidas para estancias de 3 o m\u00e1s noches.<\/p><p>Tel: (506) 2289-8401<\/p>\t\t\t\t\t\t<\/div>\n\t\t\t\t<\/div>\n\t\t\t\t<\/div>\n\t\t\t\t\t<\/div>\n\t\t\t\t<\/div>\n\t\t<div class=\"elementor-element elementor-element-e50ab24 e-flex e-con-boxed e-con e-parent\" data-id=\"e50ab24\" data-element_type=\"container\" data-settings=\"{&quot;background_background&quot;:&quot;classic&quot;}\">\n\t\t\t\t\t<div class=\"e-con-inner\">\n\t\t<div class=\"elementor-element elementor-element-be6b8bd e-con-full e-flex e-con e-child\" data-id=\"be6b8bd\" data-element_type=\"container\">\n\t\t\t\t<div class=\"elementor-element elementor-element-3c97dac elementor-widget elementor-widget-image\" data-id=\"3c97dac\" data-element_type=\"widget\" data-widget_type=\"image.default\">\n\t\t\t\t<div class=\"elementor-widget-container\">\n\t\t\t\t\t\t\t\t\t\t\t\t\t<img loading=\"lazy\" decoding=\"async\" width=\"800\" height=\"600\" src=\"https:\/\/colinadental.net\/wp-content\/uploads\/2024\/05\/tierra_magica.jpg\" class=\"attachment-large size-large wp-image-53473\" alt=\"\" srcset=\"https:\/\/colinadental.net\/wp-content\/uploads\/2024\/05\/tierra_magica.jpg 800w, https:\/\/colinadental.net\/wp-content\/uploads\/2024\/05\/tierra_magica-300x225.jpg 300w, https:\/\/colinadental.net\/wp-content\/uploads\/2024\/05\/tierra_magica-768x576.jpg 768w, https:\/\/colinadental.net\/wp-content\/uploads\/2024\/05\/tierra_magica-600x450.jpg 600w\" sizes=\"(max-width: 800px) 100vw, 800px\" \/>\t\t\t\t\t\t\t\t\t\t\t\t\t<\/div>\n\t\t\t\t<\/div>\n\t\t\t\t<\/div>\n\t\t<div class=\"elementor-element elementor-element-b2cdf26 e-con-full e-flex e-con e-child\" data-id=\"b2cdf26\" data-element_type=\"container\">\n\t\t\t\t<div class=\"elementor-element elementor-element-de79d6a elementor-widget elementor-widget-text-editor\" data-id=\"de79d6a\" data-element_type=\"widget\" data-widget_type=\"text-editor.default\">\n\t\t\t\t<div class=\"elementor-widget-container\">\n\t\t\t\t\t\t\t<h3>Tierra Magica Bed &amp; Breakfast and Art Studio:<\/h3><p>Escazu Tierra M\u00e1gica es una hermosa casa de dos pisos con un toque art\u00edstico. Estamos ubicados en Escaz\u00fa, a poca distancia de Colina Dental (600 m) y cerca de muchos restaurantes, tiendas, supermercados, cines y m\u00e1s.<\/p><p>Tel: (506) 2289-9154<\/p>\t\t\t\t\t\t<\/div>\n\t\t\t\t<\/div>\n\t\t\t\t<\/div>\n\t\t\t\t\t<\/div>\n\t\t\t\t<\/div>\n\t\t<div class=\"elementor-element elementor-element-0ba9039 e-flex e-con-boxed e-con e-parent\" data-id=\"0ba9039\" data-element_type=\"container\" data-settings=\"{&quot;background_background&quot;:&quot;classic&quot;}\">\n\t\t\t\t\t<div class=\"e-con-inner\">\n\t\t<div class=\"elementor-element elementor-element-edf04c8 e-con-full e-flex e-con e-child\" data-id=\"edf04c8\" data-element_type=\"container\">\n\t\t\t\t<div class=\"elementor-element elementor-element-065ebfc elementor-widget elementor-widget-image\" data-id=\"065ebfc\" data-element_type=\"widget\" data-widget_type=\"image.default\">\n\t\t\t\t<div class=\"elementor-widget-container\">\n\t\t\t\t\t\t\t\t\t\t\t\t\t<img loading=\"lazy\" decoding=\"async\" width=\"800\" height=\"600\" src=\"https:\/\/colinadental.net\/wp-content\/uploads\/2024\/05\/villas_del_rio.jpg\" class=\"attachment-large size-large wp-image-53474\" alt=\"\" srcset=\"https:\/\/colinadental.net\/wp-content\/uploads\/2024\/05\/villas_del_rio.jpg 800w, https:\/\/colinadental.net\/wp-content\/uploads\/2024\/05\/villas_del_rio-300x225.jpg 300w, https:\/\/colinadental.net\/wp-content\/uploads\/2024\/05\/villas_del_rio-768x576.jpg 768w, https:\/\/colinadental.net\/wp-content\/uploads\/2024\/05\/villas_del_rio-600x450.jpg 600w\" sizes=\"(max-width: 800px) 100vw, 800px\" \/>\t\t\t\t\t\t\t\t\t\t\t\t\t<\/div>\n\t\t\t\t<\/div>\n\t\t\t\t<\/div>\n\t\t<div class=\"elementor-element elementor-element-17f0dff e-con-full e-flex e-con e-child\" data-id=\"17f0dff\" data-element_type=\"container\">\n\t\t\t\t<div class=\"elementor-element elementor-element-4888f85 elementor-widget elementor-widget-text-editor\" data-id=\"4888f85\" data-element_type=\"widget\" data-widget_type=\"text-editor.default\">\n\t\t\t\t<div class=\"elementor-widget-container\">\n\t\t\t\t\t\t\t<h3>Apartotel &amp; Suites Villas del Rio:<\/h3><p>Escaz\u00fa<br \/>Apartotel-Suites Villas del R\u00edo, est\u00e1 ubicado a s\u00f3lo 15 minutos del centro de San Jos\u00e9, justo frente al Costa Rica Country Club y cerca de los mejores centros comerciales y restaurantes de Costa Rica. San Jos\u00e9, Costa Rica.<\/p><p>Tel: (506) 2208-2400<\/p>\t\t\t\t\t\t<\/div>\n\t\t\t\t<\/div>\n\t\t\t\t<\/div>\n\t\t\t\t\t<\/div>\n\t\t\t\t<\/div>\n\t\t<div class=\"elementor-element elementor-element-c05cfc0 e-flex e-con-boxed e-con e-parent\" data-id=\"c05cfc0\" data-element_type=\"container\">\n\t\t\t\t\t<div class=\"e-con-inner\">\n\t\t\t\t<div class=\"elementor-element elementor-element-7f5a99f elementor-widget elementor-widget-text-editor\" data-id=\"7f5a99f\" data-element_type=\"widget\" data-widget_type=\"text-editor.default\">\n\t\t\t\t<div class=\"elementor-widget-container\">\n\t\t\t\t\t\t\t<h3 class=\"wp-block-heading\">Para obtener la informaci\u00f3n m\u00e1s reciente sobre los requisitos de ingreso, puede visitar:<\/h3><p>1.<span>\u00a0<\/span><a href=\"https:\/\/www.visitcostarica.com\/en\/costa-rica\/planning-your-trip\/entry-requirements\" target=\"_blank\" rel=\"noreferrer noopener\">https:\/\/www.visitcostarica.com\/en\/costa-rica\/planning-your-trip\/entry-requirements<\/a><\/p><p>2.<span>\u00a0<\/span><a href=\"https:\/\/www.ict.go.cr\/es\/documentos-institucionales\/material-de-apoyo-coronavirus\/pruebas-covid-para-usa\/1970-costa-rica-entry-requirements-faq-fully-vaccinated-tourists-and-minors\/file.html\" target=\"_blank\" rel=\"noreferrer noopener\">https:\/\/www.ict.go.cr\/es\/documentos-institucionales\/material-de-apoyo-coronavirus\/pruebas-covid-para-usa\/1970-costa-rica-entry-requirements-faq-fully-vaccinated-tourists-and-minors\/file.html<\/a><\/p><p>3.<span>\u00a0<\/span><a href=\"https:\/\/www.migracion.go.cr\/Paginas\/Visas.aspx\" target=\"_blank\" rel=\"noreferrer noopener\">https:\/\/www.migracion.go.cr\/Paginas\/Visas.aspx<\/a><\/p><p>Esta informaci\u00f3n se actualiza constantemente.<\/p>\t\t\t\t\t\t<\/div>\n\t\t\t\t<\/div>\n\t\t\t\t\t<\/div>\n\t\t\t\t<\/div>\n\t\t\t\t<\/div>\n\t\t","protected":false},"excerpt":{"rendered":"<p>Informaci\u00f3n Tur\u00edstica de Costa Rica Colina Dental est\u00e1 asociada con algunos de los mejores hoteles locales, ubicados a solo minutos&#8230;<\/p>\n","protected":false},"author":1,"featured_media":0,"parent":0,"menu_order":17,"comment_status":"closed","ping_status":"closed","template":"","meta":{"content-type":"","footnotes":""},"_links":{"self":[{"href":"https:\/\/colinadental.net\/es\/wp-json\/wp\/v2\/pages\/55240"}],"collection":[{"href":"https:\/\/colinadental.net\/es\/wp-json\/wp\/v2\/pages"}],"about":[{"href":"https:\/\/colinadental.net\/es\/wp-json\/wp\/v2\/types\/page"}],"author":[{"embeddable":true,"href":"https:\/\/colinadental.net\/es\/wp-json\/wp\/v2\/users\/1"}],"replies":[{"embeddable":true,"href":"https:\/\/colinadental.net\/es\/wp-json\/wp\/v2\/comments?post=55240"}],"version-history":[{"count":3,"href":"https:\/\/colinadental.net\/es\/wp-json\/wp\/v2\/pages\/55240\/revisions"}],"predecessor-version":[{"id":55243,"href":"https:\/\/colinadental.net\/es\/wp-json\/wp\/v2\/pages\/55240\/revisions\/55243"}],"wp:attachment":[{"href":"https:\/\/colinadental.net\/es\/wp-json\/wp\/v2\/media?parent=55240"}],"curies":[{"name":"wp","href":"https:\/\/api.w.org\/{rel}","templated":true}]}}