{"id":55253,"date":"2024-05-25T19:04:29","date_gmt":"2024-05-25T19:04:29","guid":{"rendered":"https:\/\/colinadental.net\/sample-page-2\/"},"modified":"2024-06-27T21:53:21","modified_gmt":"2024-06-27T21:53:21","slug":"diferencia-colina-dental","status":"publish","type":"page","link":"https:\/\/colinadental.net\/es\/diferencia-colina-dental\/","title":{"rendered":"La diferencia de Colina Dental"},"content":{"rendered":"\t\t<div data-elementor-type=\"wp-page\" data-elementor-id=\"55253\" class=\"elementor elementor-55253 elementor-53363\" data-elementor-post-type=\"page\">\n\t\t\t\t<div class=\"elementor-element elementor-element-570d54d6 e-flex e-con-boxed e-con e-parent\" data-id=\"570d54d6\" data-element_type=\"container\">\n\t\t\t\t\t<div class=\"e-con-inner\">\n\t\t\t\t<div class=\"elementor-element elementor-element-4a094e12 elementor-widget elementor-widget-text-editor\" data-id=\"4a094e12\" data-element_type=\"widget\" data-widget_type=\"text-editor.default\">\n\t\t\t\t<div class=\"elementor-widget-container\">\n\t\t\t<style>\/*! elementor - v3.22.0 - 24-06-2024 *\/\n.elementor-widget-text-editor.elementor-drop-cap-view-stacked .elementor-drop-cap{background-color:#69727d;color:#fff}.elementor-widget-text-editor.elementor-drop-cap-view-framed .elementor-drop-cap{color:#69727d;border:3px solid;background-color:transparent}.elementor-widget-text-editor:not(.elementor-drop-cap-view-default) .elementor-drop-cap{margin-top:8px}.elementor-widget-text-editor:not(.elementor-drop-cap-view-default) .elementor-drop-cap-letter{width:1em;height:1em}.elementor-widget-text-editor .elementor-drop-cap{float:left;text-align:center;line-height:1;font-size:50px}.elementor-widget-text-editor .elementor-drop-cap-letter{display:inline-block}<\/style>\t\t\t\t<h2>Porque Colina Dental es diferente?<\/h2>\t\t\t\t\t\t<\/div>\n\t\t\t\t<\/div>\n\t\t\t\t\t<\/div>\n\t\t\t\t<\/div>\n\t\t<div class=\"elementor-element elementor-element-67a0ec1 e-flex e-con-boxed e-con e-parent\" data-id=\"67a0ec1\" data-element_type=\"container\">\n\t\t\t\t\t<div class=\"e-con-inner\">\n\t\t\t\t<div class=\"elementor-element elementor-element-3e08dc6 elementor-widget elementor-widget-text-editor\" data-id=\"3e08dc6\" data-element_type=\"widget\" data-widget_type=\"text-editor.default\">\n\t\t\t\t<div class=\"elementor-widget-container\">\n\t\t\t\t\t\t\t<p>Entendemos que nuestros clientes tienen muchas opciones para el cuidado dental. Entonces, \u00bfpor qu\u00e9 nuestros clientes eligen Colina Dental y regresan a\u00f1o tras a\u00f1o con sus amigos y familiares?<\/p><p>Hay muchos dentistas maravillosos en Costa Rica. Pero Colina Dental se ha ganado la confianza, la repetici\u00f3n de negocios y las valiosas referencias de muchos pacientes internacionales por una sencilla raz\u00f3n. A ellos les importa.<\/p>\t\t\t\t\t\t<\/div>\n\t\t\t\t<\/div>\n\t\t\t\t\t<\/div>\n\t\t\t\t<\/div>\n\t\t<div class=\"elementor-element elementor-element-b2ad487 e-flex e-con-boxed e-con e-parent\" data-id=\"b2ad487\" data-element_type=\"container\">\n\t\t\t\t\t<div class=\"e-con-inner\">\n\t\t\t\t<div class=\"elementor-element elementor-element-ac33a2c elementor-widget elementor-widget-tm-ele-paroller-animation\" data-id=\"ac33a2c\" data-element_type=\"widget\" data-widget_type=\"tm-ele-paroller-animation.default\">\n\t\t\t\t<div class=\"elementor-widget-container\">\n\t\t\t<div class=\"tm-paroller-object \" \r\n\t\t\t\t\t\t\tstyle=\"z-index: 1; color: transparent; -webkit-text-stroke: 2px #02010133;\"\r\n\t\t\t\t\t\t\tdata-paroller-type=\"background\" \r\n\t\t\t\t\t\t\tdata-paroller-factor=\"0.2\" \r\n\t\t\t\t\t\t\tdata-paroller-direction=\"horizontal\" \r\n\t\t\t\t\t\t\tdata-paroller-transition=\"transform .3s ease-out\"><div class=\"tm-paroller-object-wrapper\"><div class=\"tm-paroller-text tm-textillate-animation\">Nos Importa<\/div><\/div><\/div>\t\t<\/div>\n\t\t\t\t<\/div>\n\t\t\t\t<div class=\"elementor-element elementor-element-532aae1 elementor-widget elementor-widget-image\" data-id=\"532aae1\" data-element_type=\"widget\" data-widget_type=\"image.default\">\n\t\t\t\t<div class=\"elementor-widget-container\">\n\t\t\t<style>\/*! elementor - v3.22.0 - 24-06-2024 *\/\n.elementor-widget-image{text-align:center}.elementor-widget-image a{display:inline-block}.elementor-widget-image a img[src$=\".svg\"]{width:48px}.elementor-widget-image img{vertical-align:middle;display:inline-block}<\/style>\t\t\t\t\t\t\t<figure class=\"wp-caption\">\n\t\t\t\t\t\t\t\t\t\t<img fetchpriority=\"high\" decoding=\"async\" width=\"768\" height=\"511\" src=\"https:\/\/colinadental.net\/wp-content\/uploads\/2024\/05\/colina_difference-4-1024x681-1-768x511.jpeg\" class=\"attachment-medium_large size-medium_large wp-image-53367\" alt=\"\" srcset=\"https:\/\/colinadental.net\/wp-content\/uploads\/2024\/05\/colina_difference-4-1024x681-1-768x511.jpeg 768w, https:\/\/colinadental.net\/wp-content\/uploads\/2024\/05\/colina_difference-4-1024x681-1-300x200.jpeg 300w, https:\/\/colinadental.net\/wp-content\/uploads\/2024\/05\/colina_difference-4-1024x681-1-672x448.jpeg 672w, https:\/\/colinadental.net\/wp-content\/uploads\/2024\/05\/colina_difference-4-1024x681-1-600x399.jpeg 600w, https:\/\/colinadental.net\/wp-content\/uploads\/2024\/05\/colina_difference-4-1024x681-1.jpeg 1024w\" sizes=\"(max-width: 768px) 100vw, 768px\" \/>\t\t\t\t\t\t\t\t\t\t\t<figcaption class=\"widget-image-caption wp-caption-text\">Dr. Maricarmen Gutierrez<\/figcaption>\n\t\t\t\t\t\t\t\t\t\t<\/figure>\n\t\t\t\t\t\t\t<\/div>\n\t\t\t\t<\/div>\n\t\t\t\t\t<\/div>\n\t\t\t\t<\/div>\n\t\t<div class=\"elementor-element elementor-element-47d726d e-flex e-con-boxed e-con e-parent\" data-id=\"47d726d\" data-element_type=\"container\">\n\t\t\t\t\t<div class=\"e-con-inner\">\n\t\t\t\t<div class=\"elementor-element elementor-element-2227fec elementor-widget elementor-widget-text-editor\" data-id=\"2227fec\" data-element_type=\"widget\" data-widget_type=\"text-editor.default\">\n\t\t\t\t<div class=\"elementor-widget-container\">\n\t\t\t\t\t\t\t<h2>Incluye:<\/h2>\t\t\t\t\t\t<\/div>\n\t\t\t\t<\/div>\n\t\t\t\t<div class=\"elementor-element elementor-element-5d37b86 elementor-widget elementor-widget-text-editor\" data-id=\"5d37b86\" data-element_type=\"widget\" data-widget_type=\"text-editor.default\">\n\t\t\t\t<div class=\"elementor-widget-container\">\n\t\t\t\t\t\t\t<p>Claro\u2026 muchos centros dentales realizan un mayor volumen de negocios. Pero ning\u00fan otro equipo dental se preocupa m\u00e1s por sus pacientes que Colina Dental. Si bien muchas cl\u00ednicas dentales intentan ser las m\u00e1s grandes o las m\u00e1s r\u00e1pidas, Colina Dental es una nueva alternativa&#8230; una pr\u00e1ctica dental familiar construida sobre la base de cuidar y tratar a cada cliente como si fuera una familia.<\/p><p>El equipo de Colina Dental utiliza equipos dentales de \u00faltima generaci\u00f3n y es reconocido por su liderazgo en el dominio de procedimientos dentales avanzados. Estamos orgullosos de ofrecer a nuestros clientes las siguientes comodidades de clase mundial:<\/p>\t\t\t\t\t\t<\/div>\n\t\t\t\t<\/div>\n\t\t\t\t<div class=\"elementor-element elementor-element-d19d0ce elementor-widget elementor-widget-tm-ele-floating-objects\" data-id=\"d19d0ce\" data-element_type=\"widget\" data-widget_type=\"tm-ele-floating-objects.default\">\n\t\t\t\t<div class=\"elementor-widget-container\">\n\t\t\t\t\t<div class=\"tm-ele-floating-objects \">\r\n\t<span class=\"each-object elementor-repeater-item-252b9a4 tm-animation-floating \" style=\"background-image: url(https:\/\/colinadental.net\/wp-content\/uploads\/2022\/04\/dental-object3.png);\"><\/span>\t\t<\/div>\r\n\t\t\t<\/div>\n\t\t\t\t<\/div>\n\t\t\t\t\t<\/div>\n\t\t\t\t<\/div>\n\t\t<div class=\"elementor-element elementor-element-cd6e218 e-flex e-con-boxed e-con e-parent\" data-id=\"cd6e218\" data-element_type=\"container\">\n\t\t\t\t\t<div class=\"e-con-inner\">\n\t\t\t\t<div class=\"elementor-element elementor-element-202ac4e elementor-widget elementor-widget-tm-ele-list\" data-id=\"202ac4e\" data-element_type=\"widget\" data-widget_type=\"tm-ele-list.default\">\n\t\t\t\t<div class=\"elementor-widget-container\">\n\t\t\t<ul class=\"tm-sc-list \">\r\n\t<li class=\"\">\r\n\t\t\t\t<i aria-hidden=\"true\" class=\"far fa-check-circle\"><\/i>\t\t\t\t<span>\r\n\tLaboratorio dental en sitio para un control de calidad completo<\/span><\/li>\t<li class=\"\">\r\n\t\t\t\t<i aria-hidden=\"true\" class=\"far fa-check-circle\"><\/i>\t\t\t\t<span>\r\n\tInstalaciones dentales de \u00faltima generaci\u00f3n<\/span><\/li>\t<li class=\"\">\r\n\t\t\t\t<i aria-hidden=\"true\" class=\"far fa-check-circle\"><\/i>\t\t\t\t<span>\r\n\tCoronas el mismo d\u00eda con tecnolog\u00eda CAD\/CAM<\/span><\/li>\t<li class=\"\">\r\n\t\t\t\t<i aria-hidden=\"true\" class=\"far fa-check-circle\"><\/i>\t\t\t\t<span>\r\n\tVacaciones Dentales<\/span><\/li>\t<li class=\"\">\r\n\t\t\t\t<i aria-hidden=\"true\" class=\"far fa-check-circle\"><\/i>\t\t\t\t<span>\r\n\tServicios gratuitos de conserjer\u00eda de viajes: \u00a1lo ayudaremos a planificar y reservar sus vacaciones dentales en Costa Rica!<\/span><\/li>\t<li class=\"\">\r\n\t\t\t\t<i aria-hidden=\"true\" class=\"far fa-check-circle\"><\/i>\t\t\t\t<span>\r\n\tTransporte gratuito desde el aeropuerto y el hotel a los consultorios Colina Dental<br \/>Escaz\u00fa, Costa Rica Ubicaci\u00f3n privilegiada en Escaz\u00fa, Costa Rica: cerca de excelentes tiendas, Dining, Hotel Accommodations and Entertainment<\/span><\/li>\t<li class=\"\">\r\n\t\t\t\t<i aria-hidden=\"true\" class=\"far fa-check-circle\"><\/i>\t\t\t\t<span>\r\n\tWIFI Gratis<\/span><\/li>\t<li class=\"\">\r\n\t\t\t\t<i aria-hidden=\"true\" class=\"far fa-check-circle\"><\/i>\t\t\t\t<span>\r\n\tLlamadas internacionales gratuitas<\/span><\/li><\/ul>\t\t<\/div>\n\t\t\t\t<\/div>\n\t\t\t\t<div class=\"elementor-element elementor-element-471fb69 elementor-widget elementor-widget-tm-ele-button\" data-id=\"471fb69\" data-element_type=\"widget\" data-widget_type=\"tm-ele-button.default\">\n\t\t\t\t<div class=\"elementor-widget-container\">\n\t\t\t<div class=\"tm-sc-button btn-view-details \">\r\n\t<a  href=\"\" \r\n\t\t\t\t\t\tclass=\"btn btn-theme-colored1\">\r\n\r\n\t\t\r\n\t\t\r\n\t\t<span>\r\n\t\tGarantia\t\t<\/span>\r\n\r\n\t\t\t<\/a>\r\n<\/div>\t\t<\/div>\n\t\t\t\t<\/div>\n\t\t\t\t\t<\/div>\n\t\t\t\t<\/div>\n\t\t\t\t<\/div>\n\t\t","protected":false},"excerpt":{"rendered":"<p>Porque Colina Dental es diferente? Entendemos que nuestros clientes tienen muchas opciones para el cuidado dental. Entonces, \u00bfpor qu\u00e9 nuestros&#8230;<\/p>\n","protected":false},"author":1,"featured_media":0,"parent":0,"menu_order":17,"comment_status":"closed","ping_status":"closed","template":"","meta":{"content-type":"","footnotes":""},"_links":{"self":[{"href":"https:\/\/colinadental.net\/es\/wp-json\/wp\/v2\/pages\/55253"}],"collection":[{"href":"https:\/\/colinadental.net\/es\/wp-json\/wp\/v2\/pages"}],"about":[{"href":"https:\/\/colinadental.net\/es\/wp-json\/wp\/v2\/types\/page"}],"author":[{"embeddable":true,"href":"https:\/\/colinadental.net\/es\/wp-json\/wp\/v2\/users\/1"}],"replies":[{"embeddable":true,"href":"https:\/\/colinadental.net\/es\/wp-json\/wp\/v2\/comments?post=55253"}],"version-history":[{"count":7,"href":"https:\/\/colinadental.net\/es\/wp-json\/wp\/v2\/pages\/55253\/revisions"}],"predecessor-version":[{"id":55279,"href":"https:\/\/colinadental.net\/es\/wp-json\/wp\/v2\/pages\/55253\/revisions\/55279"}],"wp:attachment":[{"href":"https:\/\/colinadental.net\/es\/wp-json\/wp\/v2\/media?parent=55253"}],"curies":[{"name":"wp","href":"https:\/\/api.w.org\/{rel}","templated":true}]}}