{"id":55270,"date":"2024-06-27T21:43:25","date_gmt":"2024-06-27T21:43:25","guid":{"rendered":"https:\/\/colinadental.net\/warranty\/"},"modified":"2024-06-27T21:51:20","modified_gmt":"2024-06-27T21:51:20","slug":"warranty","status":"publish","type":"page","link":"https:\/\/colinadental.net\/es\/warranty\/","title":{"rendered":"Garantia"},"content":{"rendered":"\t\t<div data-elementor-type=\"wp-page\" data-elementor-id=\"55270\" class=\"elementor elementor-55270 elementor-55257\" data-elementor-post-type=\"page\">\n\t\t\t\t<div class=\"elementor-element elementor-element-570d54d6 e-flex e-con-boxed e-con e-parent\" data-id=\"570d54d6\" data-element_type=\"container\">\n\t\t\t\t\t<div class=\"e-con-inner\">\n\t\t\t\t<div class=\"elementor-element elementor-element-4a094e12 elementor-widget elementor-widget-text-editor\" data-id=\"4a094e12\" data-element_type=\"widget\" data-widget_type=\"text-editor.default\">\n\t\t\t\t<div class=\"elementor-widget-container\">\n\t\t\t<style>\/*! elementor - v3.22.0 - 24-06-2024 *\/\n.elementor-widget-text-editor.elementor-drop-cap-view-stacked .elementor-drop-cap{background-color:#69727d;color:#fff}.elementor-widget-text-editor.elementor-drop-cap-view-framed .elementor-drop-cap{color:#69727d;border:3px solid;background-color:transparent}.elementor-widget-text-editor:not(.elementor-drop-cap-view-default) .elementor-drop-cap{margin-top:8px}.elementor-widget-text-editor:not(.elementor-drop-cap-view-default) .elementor-drop-cap-letter{width:1em;height:1em}.elementor-widget-text-editor .elementor-drop-cap{float:left;text-align:center;line-height:1;font-size:50px}.elementor-widget-text-editor .elementor-drop-cap-letter{display:inline-block}<\/style>\t\t\t\t<h2>Garantia<\/h2>\t\t\t\t\t\t<\/div>\n\t\t\t\t<\/div>\n\t\t\t\t\t<\/div>\n\t\t\t\t<\/div>\n\t\t<div class=\"elementor-element elementor-element-67a0ec1 e-flex e-con-boxed e-con e-parent\" data-id=\"67a0ec1\" data-element_type=\"container\">\n\t\t\t\t\t<div class=\"e-con-inner\">\n\t\t\t\t<div class=\"elementor-element elementor-element-3e08dc6 elementor-widget elementor-widget-text-editor\" data-id=\"3e08dc6\" data-element_type=\"widget\" data-widget_type=\"text-editor.default\">\n\t\t\t\t<div class=\"elementor-widget-container\">\n\t\t\t\t\t\t\t<h3>Garant\u00eda de por vida para implantes dentales.<\/h3><p>Colina Dental otorga una garant\u00eda de por vida ante un implante dental fallido si hay un problema con la osteointegraci\u00f3n. No habr\u00e1 reposici\u00f3n gratuita si la p\u00e9rdida de los implantes se debe a un accidente, enfermedades que comprometan la condici\u00f3n \u00f3sea, si el implante fue manipulado por otro centro odontol\u00f3gico, drogodependencia, malos h\u00e1bitos de higiene, falta de visitas de seguimiento o limpiezas peri\u00f3dicas. para mantenimiento.<\/p><h3>Garant\u00eda de dos a\u00f1os para Coronas, Puentes y Restauraciones<\/h3><p>Colina Dental reemplazar\u00e1 o reparar\u00e1 coronas, puentes, onlays, inlays, restauraciones, coronas de implantes o pilares debido a materiales o mano de obra defectuosos. La garant\u00eda no se aplica si el paciente no recibe atenci\u00f3n dental regular y\/o higiene bucal adecuada. Si los problemas con el producto son resultado de bruxismo, accidentes o enfermedades que causen el deterioro de la estructura dental, as\u00ed como decoloraci\u00f3n o deterioro de los dientes debido a medicamentos o falta de higiene dental personal, tabaquismo o consumo de drogas. Condiciones preexistentes que pueden provocar el fracaso del tratamiento.<\/p>\t\t\t\t\t\t<\/div>\n\t\t\t\t<\/div>\n\t\t\t\t\t<\/div>\n\t\t\t\t<\/div>\n\t\t\t\t<\/div>\n\t\t","protected":false},"excerpt":{"rendered":"<p>Garantia Garant\u00eda de por vida para implantes dentales. Colina Dental otorga una garant\u00eda de por vida ante un implante dental&#8230;<\/p>\n","protected":false},"author":1,"featured_media":0,"parent":0,"menu_order":17,"comment_status":"closed","ping_status":"closed","template":"","meta":{"content-type":"","footnotes":""},"_links":{"self":[{"href":"https:\/\/colinadental.net\/es\/wp-json\/wp\/v2\/pages\/55270"}],"collection":[{"href":"https:\/\/colinadental.net\/es\/wp-json\/wp\/v2\/pages"}],"about":[{"href":"https:\/\/colinadental.net\/es\/wp-json\/wp\/v2\/types\/page"}],"author":[{"embeddable":true,"href":"https:\/\/colinadental.net\/es\/wp-json\/wp\/v2\/users\/1"}],"replies":[{"embeddable":true,"href":"https:\/\/colinadental.net\/es\/wp-json\/wp\/v2\/comments?post=55270"}],"version-history":[{"count":4,"href":"https:\/\/colinadental.net\/es\/wp-json\/wp\/v2\/pages\/55270\/revisions"}],"predecessor-version":[{"id":55275,"href":"https:\/\/colinadental.net\/es\/wp-json\/wp\/v2\/pages\/55270\/revisions\/55275"}],"wp:attachment":[{"href":"https:\/\/colinadental.net\/es\/wp-json\/wp\/v2\/media?parent=55270"}],"curies":[{"name":"wp","href":"https:\/\/api.w.org\/{rel}","templated":true}]}}